{"id":2268,"date":"2023-12-14T22:29:21","date_gmt":"2023-12-14T22:29:21","guid":{"rendered":"https:\/\/rmfsoccercampscanada.com\/a-propos-de-nous\/"},"modified":"2023-12-14T22:29:21","modified_gmt":"2023-12-14T22:29:21","slug":"a-propos-de-nous","status":"publish","type":"page","link":"https:\/\/rmfsoccercampscanada.com\/fr\/a-propos-de-nous\/","title":{"rendered":"A propos de nous"},"content":{"rendered":"\t\t<div data-elementor-type=\"wp-page\" data-elementor-id=\"2268\" class=\"elementor elementor-2268\" data-elementor-settings=\"{&quot;ha_cmc_init_switcher&quot;:&quot;no&quot;}\" data-elementor-post-type=\"page\">\n\t\t\t\t\t\t<section class=\"elementor-section elementor-top-section elementor-element elementor-element-652b7da elementor-section-boxed elementor-section-height-default elementor-section-height-default\" data-id=\"652b7da\" data-element_type=\"section\" data-e-type=\"section\" data-settings=\"{&quot;background_background&quot;:&quot;classic&quot;,&quot;_ha_eqh_enable&quot;:false}\">\n\t\t\t\t\t\t\t<div class=\"elementor-background-overlay\"><\/div>\n\t\t\t\t\t\t\t<div class=\"elementor-container elementor-column-gap-default\">\n\t\t\t\t\t<div class=\"elementor-column elementor-col-100 elementor-top-column elementor-element elementor-element-7be2db9\" data-id=\"7be2db9\" data-element_type=\"column\" data-e-type=\"column\">\n\t\t\t<div class=\"elementor-widget-wrap elementor-element-populated\">\n\t\t\t\t\t\t<div class=\"elementor-element elementor-element-3d35d8c elementor-widget elementor-widget-heading\" data-id=\"3d35d8c\" data-element_type=\"widget\" data-e-type=\"widget\" data-widget_type=\"heading.default\">\n\t\t\t\t<div class=\"elementor-widget-container\">\n\t\t\t\t\t<h2 class=\"elementor-heading-title elementor-size-default\">ABOUT US<\/h2>\t\t\t\t<\/div>\n\t\t\t\t<\/div>\n\t\t\t\t\t<\/div>\n\t\t<\/div>\n\t\t\t\t\t<\/div>\n\t\t<\/section>\n\t\t\t\t<section class=\"elementor-section elementor-top-section elementor-element elementor-element-49a0360 elementor-section-boxed elementor-section-height-default elementor-section-height-default\" data-id=\"49a0360\" data-element_type=\"section\" data-e-type=\"section\" data-settings=\"{&quot;background_background&quot;:&quot;classic&quot;,&quot;_ha_eqh_enable&quot;:false}\">\n\t\t\t\t\t\t<div class=\"elementor-container elementor-column-gap-default\">\n\t\t\t\t\t<div class=\"elementor-column elementor-col-100 elementor-top-column elementor-element elementor-element-a38860d reltm\" data-id=\"a38860d\" data-element_type=\"column\" data-e-type=\"column\" data-settings=\"{&quot;background_background&quot;:&quot;classic&quot;}\">\n\t\t\t<div class=\"elementor-widget-wrap elementor-element-populated\">\n\t\t\t\t\t\t<section class=\"elementor-section elementor-inner-section elementor-element elementor-element-5b79df0 elementor-section-boxed elementor-section-height-default elementor-section-height-default\" data-id=\"5b79df0\" data-element_type=\"section\" data-e-type=\"section\" data-settings=\"{&quot;_ha_eqh_enable&quot;:false}\">\n\t\t\t\t\t\t<div class=\"elementor-container elementor-column-gap-default\">\n\t\t\t\t\t<div class=\"elementor-column elementor-col-100 elementor-inner-column elementor-element elementor-element-207a193\" data-id=\"207a193\" data-element_type=\"column\" data-e-type=\"column\">\n\t\t\t<div class=\"elementor-widget-wrap elementor-element-populated\">\n\t\t\t\t\t\t<div class=\"elementor-element elementor-element-3e78fb0 elementor-widget elementor-widget-heading\" data-id=\"3e78fb0\" data-element_type=\"widget\" data-e-type=\"widget\" data-widget_type=\"heading.default\">\n\t\t\t\t<div class=\"elementor-widget-container\">\n\t\t\t\t\t<h2 class=\"elementor-heading-title elementor-size-default\">REAL MADRID<\/h2>\t\t\t\t<\/div>\n\t\t\t\t<\/div>\n\t\t\t\t<div class=\"elementor-element elementor-element-8988435 elementor-widget elementor-widget-text-editor\" data-id=\"8988435\" data-element_type=\"widget\" data-e-type=\"widget\" data-widget_type=\"text-editor.default\">\n\t\t\t\t<div class=\"elementor-widget-container\">\n\t\t\t\t\t\t\t\t\t<p>The Real Madrid Foundation Soccer Camps offer the unique and exciting opportunity to experience specialized soccer training through this official partnership between Kaptiva Sports and Real Madrid Foundation. The camps will bring expert UEFA coaches from Madrid, educated under the world\u2019s most successful soccer team methodology, to help young players improve their soccer skills.<\/p><p>Thanks to the partnership between Kaptiva Sports and Real Madrid Foundation, young players and coaches can enjoy a one of a kind access to Real Madrid foundation soccer training methods and sport values for a true soccer experience. Our summer soccer camps in Canada gathers thousands of soccer players every year to help them improve their soccer level and share their passion for the most beautiful game in the world. Kaptiva Sports is the official soccer camp operator in Canada: Montreal, Quebec, Ottawa and Toronto.<\/p>\t\t\t\t\t\t\t\t<\/div>\n\t\t\t\t<\/div>\n\t\t\t\t\t<\/div>\n\t\t<\/div>\n\t\t\t\t\t<\/div>\n\t\t<\/section>\n\t\t\t\t\t<\/div>\n\t\t<\/div>\n\t\t\t\t\t<\/div>\n\t\t<\/section>\n\t\t\t\t<section class=\"elementor-section elementor-top-section elementor-element elementor-element-d2b64ea elementor-section-boxed elementor-section-height-default elementor-section-height-default\" data-id=\"d2b64ea\" data-element_type=\"section\" data-e-type=\"section\" data-settings=\"{&quot;_ha_eqh_enable&quot;:false}\">\n\t\t\t\t\t\t<div class=\"elementor-container elementor-column-gap-default\">\n\t\t\t\t\t<div class=\"elementor-column elementor-col-100 elementor-top-column elementor-element elementor-element-a6426b5\" data-id=\"a6426b5\" data-element_type=\"column\" data-e-type=\"column\">\n\t\t\t<div class=\"elementor-widget-wrap elementor-element-populated\">\n\t\t\t\t\t\t<section class=\"elementor-section elementor-inner-section elementor-element elementor-element-4cbe2e7 elementor-section-boxed elementor-section-height-default elementor-section-height-default\" data-id=\"4cbe2e7\" data-element_type=\"section\" data-e-type=\"section\" data-settings=\"{&quot;_ha_eqh_enable&quot;:false}\">\n\t\t\t\t\t\t<div class=\"elementor-container elementor-column-gap-default\">\n\t\t\t\t\t<div class=\"elementor-column elementor-col-50 elementor-inner-column elementor-element elementor-element-643b7cd\" data-id=\"643b7cd\" data-element_type=\"column\" data-e-type=\"column\">\n\t\t\t<div class=\"elementor-widget-wrap elementor-element-populated\">\n\t\t\t\t\t\t<div class=\"elementor-element elementor-element-d93c577 elementor-widget elementor-widget-image\" data-id=\"d93c577\" data-element_type=\"widget\" data-e-type=\"widget\" data-widget_type=\"image.default\">\n\t\t\t\t<div class=\"elementor-widget-container\">\n\t\t\t\t\t\t\t\t\t\t\t\t\t\t\t<img fetchpriority=\"high\" decoding=\"async\" width=\"800\" height=\"452\" src=\"https:\/\/rmfsoccercampscanada.com\/wp-content\/uploads\/2024\/07\/4n35n34.jpg\" class=\"attachment-large size-large wp-image-1247\" alt=\"\" srcset=\"https:\/\/rmfsoccercampscanada.com\/wp-content\/uploads\/2024\/07\/4n35n34.jpg 1000w, https:\/\/rmfsoccercampscanada.com\/wp-content\/uploads\/2024\/07\/4n35n34-300x170.jpg 300w, https:\/\/rmfsoccercampscanada.com\/wp-content\/uploads\/2024\/07\/4n35n34-768x434.jpg 768w\" sizes=\"(max-width: 800px) 100vw, 800px\" \/>\t\t\t\t\t\t\t\t\t\t\t\t\t\t\t<\/div>\n\t\t\t\t<\/div>\n\t\t\t\t\t<\/div>\n\t\t<\/div>\n\t\t\t\t<div class=\"elementor-column elementor-col-50 elementor-inner-column elementor-element elementor-element-e3b88e1\" data-id=\"e3b88e1\" data-element_type=\"column\" data-e-type=\"column\">\n\t\t\t<div class=\"elementor-widget-wrap elementor-element-populated\">\n\t\t\t\t\t\t<div class=\"elementor-element elementor-element-e4f354a elementor-widget elementor-widget-heading\" data-id=\"e4f354a\" data-element_type=\"widget\" data-e-type=\"widget\" data-widget_type=\"heading.default\">\n\t\t\t\t<div class=\"elementor-widget-container\">\n\t\t\t\t\t<h2 class=\"elementor-heading-title elementor-size-default\">Real Madrid Foundation<\/h2>\t\t\t\t<\/div>\n\t\t\t\t<\/div>\n\t\t\t\t<div class=\"elementor-element elementor-element-2dd3581 elementor-widget elementor-widget-text-editor\" data-id=\"2dd3581\" data-element_type=\"widget\" data-e-type=\"widget\" data-widget_type=\"text-editor.default\">\n\t\t\t\t<div class=\"elementor-widget-container\">\n\t\t\t\t\t\t\t\t\t<p>The Real Madrid Foundation was founded in 1997, with the goal of bringing the social, cultural, and athletic values of the club into the service of the public. The Foundation represents the Club\u2019s soul and the vehicle through which the Club gives back to the community all it has received throughout its 113-year history.<\/p><p>The Real Madrid Foundation develops projects with social and formative purposes based on its nine key values: Leadership, Self-Control, Humility, Fellowship, Effort, Teamwork, Respect, Tolerance and Solidarity.<\/p>\t\t\t\t\t\t\t\t<\/div>\n\t\t\t\t<\/div>\n\t\t\t\t\t<\/div>\n\t\t<\/div>\n\t\t\t\t\t<\/div>\n\t\t<\/section>\n\t\t\t\t<section class=\"elementor-section elementor-inner-section elementor-element elementor-element-967f1d9 elementor-reverse-mobile elementor-section-boxed elementor-section-height-default elementor-section-height-default\" data-id=\"967f1d9\" data-element_type=\"section\" data-e-type=\"section\" data-settings=\"{&quot;_ha_eqh_enable&quot;:false}\">\n\t\t\t\t\t\t<div class=\"elementor-container elementor-column-gap-default\">\n\t\t\t\t\t<div class=\"elementor-column elementor-col-50 elementor-inner-column elementor-element elementor-element-89337da\" data-id=\"89337da\" data-element_type=\"column\" data-e-type=\"column\">\n\t\t\t<div class=\"elementor-widget-wrap elementor-element-populated\">\n\t\t\t\t\t\t<div class=\"elementor-element elementor-element-b3bb068 elementor-widget elementor-widget-heading\" data-id=\"b3bb068\" data-element_type=\"widget\" data-e-type=\"widget\" data-widget_type=\"heading.default\">\n\t\t\t\t<div class=\"elementor-widget-container\">\n\t\t\t\t\t<h2 class=\"elementor-heading-title elementor-size-default\">Kaptiva Sports<\/h2>\t\t\t\t<\/div>\n\t\t\t\t<\/div>\n\t\t\t\t<div class=\"elementor-element elementor-element-c1252e9 elementor-widget elementor-widget-text-editor\" data-id=\"c1252e9\" data-element_type=\"widget\" data-e-type=\"widget\" data-widget_type=\"text-editor.default\">\n\t\t\t\t<div class=\"elementor-widget-container\">\n\t\t\t\t\t\t\t\t\t<p>Kaptiva Sports is a Global Sports Management that helps organizations build customer loyalty, have a better exposure and reach a specific goal through sports events organization. Also owns one of the <strong>best elite soccer academy in Madrid and Barcelona<\/strong>.<br \/>Our job is to have a deep understanding of our clients\u2019 work and know the mindset of the targets our clients want to reach.Kaptiva Sports designs, manages &amp; executes innovative sports projects that benefit the society and also offer value to our clients.<\/p>\t\t\t\t\t\t\t\t<\/div>\n\t\t\t\t<\/div>\n\t\t\t\t\t<\/div>\n\t\t<\/div>\n\t\t\t\t<div class=\"elementor-column elementor-col-50 elementor-inner-column elementor-element elementor-element-b67f6aa\" data-id=\"b67f6aa\" data-element_type=\"column\" data-e-type=\"column\">\n\t\t\t<div class=\"elementor-widget-wrap elementor-element-populated\">\n\t\t\t\t\t\t<div class=\"elementor-element elementor-element-4084707 elementor-widget elementor-widget-image\" data-id=\"4084707\" data-element_type=\"widget\" data-e-type=\"widget\" data-widget_type=\"image.default\">\n\t\t\t\t<div class=\"elementor-widget-container\">\n\t\t\t\t\t\t\t\t\t\t\t\t\t\t\t<img decoding=\"async\" width=\"800\" height=\"452\" src=\"https:\/\/rmfsoccercampscanada.com\/wp-content\/uploads\/2024\/07\/n54n5.jpg\" class=\"attachment-large size-large wp-image-1248\" alt=\"\" srcset=\"https:\/\/rmfsoccercampscanada.com\/wp-content\/uploads\/2024\/07\/n54n5.jpg 1000w, https:\/\/rmfsoccercampscanada.com\/wp-content\/uploads\/2024\/07\/n54n5-300x170.jpg 300w, https:\/\/rmfsoccercampscanada.com\/wp-content\/uploads\/2024\/07\/n54n5-768x434.jpg 768w\" sizes=\"(max-width: 800px) 100vw, 800px\" \/>\t\t\t\t\t\t\t\t\t\t\t\t\t\t\t<\/div>\n\t\t\t\t<\/div>\n\t\t\t\t\t<\/div>\n\t\t<\/div>\n\t\t\t\t\t<\/div>\n\t\t<\/section>\n\t\t\t\t\t<\/div>\n\t\t<\/div>\n\t\t\t\t\t<\/div>\n\t\t<\/section>\n\t\t\t\t<\/div>\n\t\t","protected":false},"excerpt":{"rendered":"<p>\u00c0 PROPOS DE NOUS REAL MADRID Les camps de football de la Fondation Real Madrid offrent l&rsquo;opportunit\u00e9 unique et passionnante d&rsquo;exp\u00e9rimenter une formation sp\u00e9cialis\u00e9e en football gr\u00e2ce \u00e0 ce partenariat officiel entre Kaptiva Sports et la Fondation Real Madrid. Les camps font appel \u00e0 des entra\u00eeneurs UEFA de Madrid, form\u00e9s \u00e0 la m\u00e9thodologie de l&rsquo;\u00e9quipe [&hellip;]<\/p>\n","protected":false},"author":1,"featured_media":0,"parent":0,"menu_order":0,"comment_status":"closed","ping_status":"closed","template":"elementor_header_footer","meta":{"_acf_changed":false,"footnotes":""},"class_list":["post-2268","page","type-page","status-publish","hentry"],"acf":[],"yoast_head":"<!-- This site is optimized with the Yoast SEO Premium plugin v27.3 (Yoast SEO v27.3) - https:\/\/yoast.com\/product\/yoast-seo-premium-wordpress\/ -->\n<title>A propos de nous - rmfsoccercampscanada.com<\/title>\n<meta name=\"robots\" content=\"index, follow, max-snippet:-1, max-image-preview:large, max-video-preview:-1\" \/>\n<link rel=\"canonical\" href=\"https:\/\/rmfsoccercampscanada.com\/about-us\/\" \/>\n<meta property=\"og:locale\" content=\"fr_FR\" \/>\n<meta property=\"og:type\" content=\"article\" \/>\n<meta property=\"og:title\" content=\"A propos de nous\" \/>\n<meta property=\"og:description\" content=\"\u00c0 PROPOS DE NOUS REAL MADRID Les camps de football de la Fondation Real Madrid offrent l&rsquo;opportunit\u00e9 unique et passionnante d&rsquo;exp\u00e9rimenter une formation sp\u00e9cialis\u00e9e en football gr\u00e2ce \u00e0 ce partenariat officiel entre Kaptiva Sports et la Fondation Real Madrid. Les camps font appel \u00e0 des entra\u00eeneurs UEFA de Madrid, form\u00e9s \u00e0 la m\u00e9thodologie de l&rsquo;\u00e9quipe [&hellip;]\" \/>\n<meta property=\"og:url\" content=\"https:\/\/rmfsoccercampscanada.com\/about-us\/\" \/>\n<meta property=\"og:site_name\" content=\"rmfsoccercampscanada.com\" \/>\n<meta property=\"article:publisher\" content=\"https:\/\/www.facebook.com\/RMFSoccerCampsCanada\/\" \/>\n<meta property=\"og:image\" content=\"https:\/\/rmfsoccercampscanada.com\/wp-content\/uploads\/2024\/07\/4n35n34.jpg\" \/>\n<meta name=\"twitter:card\" content=\"summary_large_image\" \/>\n<meta name=\"twitter:label1\" content=\"Dur\u00e9e de lecture estim\u00e9e\" \/>\n\t<meta name=\"twitter:data1\" content=\"2 minutes\" \/>\n<script type=\"application\/ld+json\" class=\"yoast-schema-graph\">{\"@context\":\"https:\\\/\\\/schema.org\",\"@graph\":[{\"@type\":\"WebPage\",\"@id\":\"https:\\\/\\\/rmfsoccercampscanada.com\\\/about-us\\\/\",\"url\":\"https:\\\/\\\/rmfsoccercampscanada.com\\\/about-us\\\/\",\"name\":\"A propos de nous - rmfsoccercampscanada.com\",\"isPartOf\":{\"@id\":\"https:\\\/\\\/rmfsoccercampscanada.com\\\/#website\"},\"primaryImageOfPage\":{\"@id\":\"https:\\\/\\\/rmfsoccercampscanada.com\\\/about-us\\\/#primaryimage\"},\"image\":{\"@id\":\"https:\\\/\\\/rmfsoccercampscanada.com\\\/about-us\\\/#primaryimage\"},\"thumbnailUrl\":\"https:\\\/\\\/rmfsoccercampscanada.com\\\/wp-content\\\/uploads\\\/2024\\\/07\\\/4n35n34.jpg\",\"datePublished\":\"2023-12-14T22:29:21+00:00\",\"breadcrumb\":{\"@id\":\"https:\\\/\\\/rmfsoccercampscanada.com\\\/about-us\\\/#breadcrumb\"},\"inLanguage\":\"fr-FR\",\"potentialAction\":[{\"@type\":\"ReadAction\",\"target\":[\"https:\\\/\\\/rmfsoccercampscanada.com\\\/about-us\\\/\"]}]},{\"@type\":\"ImageObject\",\"inLanguage\":\"fr-FR\",\"@id\":\"https:\\\/\\\/rmfsoccercampscanada.com\\\/about-us\\\/#primaryimage\",\"url\":\"https:\\\/\\\/rmfsoccercampscanada.com\\\/wp-content\\\/uploads\\\/2024\\\/07\\\/4n35n34.jpg\",\"contentUrl\":\"https:\\\/\\\/rmfsoccercampscanada.com\\\/wp-content\\\/uploads\\\/2024\\\/07\\\/4n35n34.jpg\"},{\"@type\":\"BreadcrumbList\",\"@id\":\"https:\\\/\\\/rmfsoccercampscanada.com\\\/about-us\\\/#breadcrumb\",\"itemListElement\":[{\"@type\":\"ListItem\",\"position\":1,\"name\":\"Home\",\"item\":\"https:\\\/\\\/rmfsoccercampscanada.com\\\/\"},{\"@type\":\"ListItem\",\"position\":2,\"name\":\"A propos de nous\"}]},{\"@type\":\"WebSite\",\"@id\":\"https:\\\/\\\/rmfsoccercampscanada.com\\\/#website\",\"url\":\"https:\\\/\\\/rmfsoccercampscanada.com\\\/\",\"name\":\"Real Madrid Soccer Camps in Canada | rmfsoccercampscanada.com\",\"description\":\"Real Madrid Soccer Camps in Canada | rmfsoccercampscanada.com\",\"potentialAction\":[{\"@type\":\"SearchAction\",\"target\":{\"@type\":\"EntryPoint\",\"urlTemplate\":\"https:\\\/\\\/rmfsoccercampscanada.com\\\/?s={search_term_string}\"},\"query-input\":{\"@type\":\"PropertyValueSpecification\",\"valueRequired\":true,\"valueName\":\"search_term_string\"}}],\"inLanguage\":\"fr-FR\"}]}<\/script>\n<!-- \/ Yoast SEO Premium plugin. -->","yoast_head_json":{"title":"A propos de nous - rmfsoccercampscanada.com","robots":{"index":"index","follow":"follow","max-snippet":"max-snippet:-1","max-image-preview":"max-image-preview:large","max-video-preview":"max-video-preview:-1"},"canonical":"https:\/\/rmfsoccercampscanada.com\/about-us\/","og_locale":"fr_FR","og_type":"article","og_title":"A propos de nous","og_description":"\u00c0 PROPOS DE NOUS REAL MADRID Les camps de football de la Fondation Real Madrid offrent l&rsquo;opportunit\u00e9 unique et passionnante d&rsquo;exp\u00e9rimenter une formation sp\u00e9cialis\u00e9e en football gr\u00e2ce \u00e0 ce partenariat officiel entre Kaptiva Sports et la Fondation Real Madrid. Les camps font appel \u00e0 des entra\u00eeneurs UEFA de Madrid, form\u00e9s \u00e0 la m\u00e9thodologie de l&rsquo;\u00e9quipe [&hellip;]","og_url":"https:\/\/rmfsoccercampscanada.com\/about-us\/","og_site_name":"rmfsoccercampscanada.com","article_publisher":"https:\/\/www.facebook.com\/RMFSoccerCampsCanada\/","og_image":[{"url":"https:\/\/rmfsoccercampscanada.com\/wp-content\/uploads\/2024\/07\/4n35n34.jpg","type":"","width":"","height":""}],"twitter_card":"summary_large_image","twitter_misc":{"Dur\u00e9e de lecture estim\u00e9e":"2 minutes"},"schema":{"@context":"https:\/\/schema.org","@graph":[{"@type":"WebPage","@id":"https:\/\/rmfsoccercampscanada.com\/about-us\/","url":"https:\/\/rmfsoccercampscanada.com\/about-us\/","name":"A propos de nous - rmfsoccercampscanada.com","isPartOf":{"@id":"https:\/\/rmfsoccercampscanada.com\/#website"},"primaryImageOfPage":{"@id":"https:\/\/rmfsoccercampscanada.com\/about-us\/#primaryimage"},"image":{"@id":"https:\/\/rmfsoccercampscanada.com\/about-us\/#primaryimage"},"thumbnailUrl":"https:\/\/rmfsoccercampscanada.com\/wp-content\/uploads\/2024\/07\/4n35n34.jpg","datePublished":"2023-12-14T22:29:21+00:00","breadcrumb":{"@id":"https:\/\/rmfsoccercampscanada.com\/about-us\/#breadcrumb"},"inLanguage":"fr-FR","potentialAction":[{"@type":"ReadAction","target":["https:\/\/rmfsoccercampscanada.com\/about-us\/"]}]},{"@type":"ImageObject","inLanguage":"fr-FR","@id":"https:\/\/rmfsoccercampscanada.com\/about-us\/#primaryimage","url":"https:\/\/rmfsoccercampscanada.com\/wp-content\/uploads\/2024\/07\/4n35n34.jpg","contentUrl":"https:\/\/rmfsoccercampscanada.com\/wp-content\/uploads\/2024\/07\/4n35n34.jpg"},{"@type":"BreadcrumbList","@id":"https:\/\/rmfsoccercampscanada.com\/about-us\/#breadcrumb","itemListElement":[{"@type":"ListItem","position":1,"name":"Home","item":"https:\/\/rmfsoccercampscanada.com\/"},{"@type":"ListItem","position":2,"name":"A propos de nous"}]},{"@type":"WebSite","@id":"https:\/\/rmfsoccercampscanada.com\/#website","url":"https:\/\/rmfsoccercampscanada.com\/","name":"Real Madrid Soccer Camps in Canada | rmfsoccercampscanada.com","description":"Real Madrid Soccer Camps in Canada | rmfsoccercampscanada.com","potentialAction":[{"@type":"SearchAction","target":{"@type":"EntryPoint","urlTemplate":"https:\/\/rmfsoccercampscanada.com\/?s={search_term_string}"},"query-input":{"@type":"PropertyValueSpecification","valueRequired":true,"valueName":"search_term_string"}}],"inLanguage":"fr-FR"}]}},"_links":{"self":[{"href":"https:\/\/rmfsoccercampscanada.com\/fr\/wp-json\/wp\/v2\/pages\/2268","targetHints":{"allow":["GET"]}}],"collection":[{"href":"https:\/\/rmfsoccercampscanada.com\/fr\/wp-json\/wp\/v2\/pages"}],"about":[{"href":"https:\/\/rmfsoccercampscanada.com\/fr\/wp-json\/wp\/v2\/types\/page"}],"author":[{"embeddable":true,"href":"https:\/\/rmfsoccercampscanada.com\/fr\/wp-json\/wp\/v2\/users\/1"}],"replies":[{"embeddable":true,"href":"https:\/\/rmfsoccercampscanada.com\/fr\/wp-json\/wp\/v2\/comments?post=2268"}],"version-history":[{"count":0,"href":"https:\/\/rmfsoccercampscanada.com\/fr\/wp-json\/wp\/v2\/pages\/2268\/revisions"}],"wp:attachment":[{"href":"https:\/\/rmfsoccercampscanada.com\/fr\/wp-json\/wp\/v2\/media?parent=2268"}],"curies":[{"name":"wp","href":"https:\/\/api.w.org\/{rel}","templated":true}]}}