{"id":2273,"date":"2024-07-29T15:01:44","date_gmt":"2024-07-29T15:01:44","guid":{"rendered":"https:\/\/rmfsoccercampscanada.com\/collaborer\/"},"modified":"2024-07-29T15:01:44","modified_gmt":"2024-07-29T15:01:44","slug":"collaborer","status":"publish","type":"page","link":"https:\/\/rmfsoccercampscanada.com\/fr\/collaborer\/","title":{"rendered":"Collaborer"},"content":{"rendered":"\t\t<div data-elementor-type=\"wp-page\" data-elementor-id=\"2273\" class=\"elementor elementor-2273\" data-elementor-settings=\"{&quot;ha_cmc_init_switcher&quot;:&quot;no&quot;}\" data-elementor-post-type=\"page\">\n\t\t\t\t\t\t<section class=\"elementor-section elementor-top-section elementor-element elementor-element-652b7da elementor-section-boxed elementor-section-height-default elementor-section-height-default\" data-id=\"652b7da\" data-element_type=\"section\" data-e-type=\"section\" data-settings=\"{&quot;background_background&quot;:&quot;classic&quot;,&quot;_ha_eqh_enable&quot;:false}\">\n\t\t\t\t\t\t\t<div class=\"elementor-background-overlay\"><\/div>\n\t\t\t\t\t\t\t<div class=\"elementor-container elementor-column-gap-default\">\n\t\t\t\t\t<div class=\"elementor-column elementor-col-100 elementor-top-column elementor-element elementor-element-7be2db9\" data-id=\"7be2db9\" data-element_type=\"column\" data-e-type=\"column\">\n\t\t\t<div class=\"elementor-widget-wrap elementor-element-populated\">\n\t\t\t\t\t\t<div class=\"elementor-element elementor-element-3d35d8c elementor-widget elementor-widget-heading\" data-id=\"3d35d8c\" data-element_type=\"widget\" data-e-type=\"widget\" data-widget_type=\"heading.default\">\n\t\t\t\t<div class=\"elementor-widget-container\">\n\t\t\t\t\t<h2 class=\"elementor-heading-title elementor-size-default\">WILLING TO COLLABORATE?<\/h2>\t\t\t\t<\/div>\n\t\t\t\t<\/div>\n\t\t\t\t\t<\/div>\n\t\t<\/div>\n\t\t\t\t\t<\/div>\n\t\t<\/section>\n\t\t\t\t<section class=\"elementor-section elementor-top-section elementor-element elementor-element-49a0360 elementor-section-boxed elementor-section-height-default elementor-section-height-default\" data-id=\"49a0360\" data-element_type=\"section\" data-e-type=\"section\" data-settings=\"{&quot;background_background&quot;:&quot;classic&quot;,&quot;_ha_eqh_enable&quot;:false}\">\n\t\t\t\t\t\t<div class=\"elementor-container elementor-column-gap-default\">\n\t\t\t\t\t<div class=\"elementor-column elementor-col-100 elementor-top-column elementor-element elementor-element-a38860d reltm\" data-id=\"a38860d\" data-element_type=\"column\" data-e-type=\"column\" data-settings=\"{&quot;background_background&quot;:&quot;classic&quot;}\">\n\t\t\t<div class=\"elementor-widget-wrap elementor-element-populated\">\n\t\t\t\t\t\t<section class=\"elementor-section elementor-inner-section elementor-element elementor-element-5b79df0 elementor-section-boxed elementor-section-height-default elementor-section-height-default\" data-id=\"5b79df0\" data-element_type=\"section\" data-e-type=\"section\" data-settings=\"{&quot;_ha_eqh_enable&quot;:false}\">\n\t\t\t\t\t\t<div class=\"elementor-container elementor-column-gap-default\">\n\t\t\t\t\t<div class=\"elementor-column elementor-col-100 elementor-inner-column elementor-element elementor-element-207a193\" data-id=\"207a193\" data-element_type=\"column\" data-e-type=\"column\">\n\t\t\t<div class=\"elementor-widget-wrap elementor-element-populated\">\n\t\t\t\t\t\t<div class=\"elementor-element elementor-element-3e78fb0 elementor-widget elementor-widget-heading\" data-id=\"3e78fb0\" data-element_type=\"widget\" data-e-type=\"widget\" data-widget_type=\"heading.default\">\n\t\t\t\t<div class=\"elementor-widget-container\">\n\t\t\t\t\t<h2 class=\"elementor-heading-title elementor-size-default\">REAL MADRID FOUNDATION SOCCER CAMPS COLLABORATIONS AVAILABLE<\/h2>\t\t\t\t<\/div>\n\t\t\t\t<\/div>\n\t\t\t\t<div class=\"elementor-element elementor-element-8988435 elementor-widget elementor-widget-text-editor\" data-id=\"8988435\" data-element_type=\"widget\" data-e-type=\"widget\" data-widget_type=\"text-editor.default\">\n\t\t\t\t<div class=\"elementor-widget-container\">\n\t\t\t\t\t\t\t\t\t<p>Our official Real Madrid soccer camps in Canada are the ideal environment to collaborate and has a lot of benefits. Kaptiva Sports is always looking for collaboration. Soccer Clubs, assistant coaches, volunteers, and other interesting positions are offered every year. Make sure to let us know about your preferred one.<\/p>\t\t\t\t\t\t\t\t<\/div>\n\t\t\t\t<\/div>\n\t\t\t\t\t<\/div>\n\t\t<\/div>\n\t\t\t\t\t<\/div>\n\t\t<\/section>\n\t\t\t\t\t<\/div>\n\t\t<\/div>\n\t\t\t\t\t<\/div>\n\t\t<\/section>\n\t\t\t\t<section class=\"elementor-section elementor-top-section elementor-element elementor-element-d2b64ea elementor-section-boxed elementor-section-height-default elementor-section-height-default\" data-id=\"d2b64ea\" data-element_type=\"section\" data-e-type=\"section\" data-settings=\"{&quot;_ha_eqh_enable&quot;:false}\">\n\t\t\t\t\t\t<div class=\"elementor-container elementor-column-gap-default\">\n\t\t\t\t\t<div class=\"elementor-column elementor-col-100 elementor-top-column elementor-element elementor-element-a6426b5\" data-id=\"a6426b5\" data-element_type=\"column\" data-e-type=\"column\">\n\t\t\t<div class=\"elementor-widget-wrap elementor-element-populated\">\n\t\t\t\t\t\t<section class=\"elementor-section elementor-inner-section elementor-element elementor-element-dd01c73 elementor-section-boxed elementor-section-height-default elementor-section-height-default\" data-id=\"dd01c73\" data-element_type=\"section\" data-e-type=\"section\" data-settings=\"{&quot;_ha_eqh_enable&quot;:false}\">\n\t\t\t\t\t\t<div class=\"elementor-container elementor-column-gap-default\">\n\t\t\t\t\t<div class=\"elementor-column elementor-col-33 elementor-inner-column elementor-element elementor-element-801d9c9\" data-id=\"801d9c9\" data-element_type=\"column\" data-e-type=\"column\">\n\t\t\t<div class=\"elementor-widget-wrap elementor-element-populated\">\n\t\t\t\t\t\t<div class=\"elementor-element elementor-element-0d0c0ff elementor-widget elementor-widget-ha-step-flow happy-addon ha-step-flow\" data-id=\"0d0c0ff\" data-element_type=\"widget\" data-e-type=\"widget\" data-widget_type=\"ha-step-flow.default\">\n\t\t\t\t<div class=\"elementor-widget-container\">\n\t\t\t\t\t\n\t\t<div class=\"ha-steps-icon\">\n\t\t\t\t\t\t\t<span class=\"ha-step-arrow\"><\/span>\n\t\t\t\n\t\t\t<i class=\"hm hm-stop-watch\"><\/i>\n\t\t\t\t\t<\/div>\n\n\t\t<p class=\"ha-steps-title\">BE AN ASSISTANT COACH<\/p>\n\t\t\t\t\t<p class=\"ha-step-description\"><br>\nCollaborating with us has a lot of benefits. From exclusive Madrid campus clothing to Daily meals and refreshments. Employment compensation and a great opportunity to learn from the Madrid coaches.<\/p>\n\t\t\n\t\t\t\t\t\t<\/div>\n\t\t\t\t<\/div>\n\t\t\t\t<div class=\"elementor-element elementor-element-e21f405 elementor-align-center elementor-widget elementor-widget-button\" data-id=\"e21f405\" data-element_type=\"widget\" data-e-type=\"widget\" data-widget_type=\"button.default\">\n\t\t\t\t<div class=\"elementor-widget-container\">\n\t\t\t\t\t\t\t\t\t<div class=\"elementor-button-wrapper\">\n\t\t\t\t\t<a class=\"elementor-button elementor-button-link elementor-size-sm\" href=\"\/staff-registration\/\">\n\t\t\t\t\t\t<span class=\"elementor-button-content-wrapper\">\n\t\t\t\t\t\t\t\t\t<span class=\"elementor-button-text\">APPLY NOW<\/span>\n\t\t\t\t\t<\/span>\n\t\t\t\t\t<\/a>\n\t\t\t\t<\/div>\n\t\t\t\t\t\t\t\t<\/div>\n\t\t\t\t<\/div>\n\t\t\t\t\t<\/div>\n\t\t<\/div>\n\t\t\t\t<div class=\"elementor-column elementor-col-33 elementor-inner-column elementor-element elementor-element-877c8cf\" data-id=\"877c8cf\" data-element_type=\"column\" data-e-type=\"column\">\n\t\t\t<div class=\"elementor-widget-wrap elementor-element-populated\">\n\t\t\t\t\t\t<div class=\"elementor-element elementor-element-0eba75b elementor-widget elementor-widget-ha-step-flow happy-addon ha-step-flow\" data-id=\"0eba75b\" data-element_type=\"widget\" data-e-type=\"widget\" data-widget_type=\"ha-step-flow.default\">\n\t\t\t\t<div class=\"elementor-widget-container\">\n\t\t\t\t\t\n\t\t<div class=\"ha-steps-icon\">\n\t\t\t\t\t\t\t<span class=\"ha-step-arrow\"><\/span>\n\t\t\t\n\t\t\t<i class=\"hm hm-user-plus\"><\/i>\n\t\t\t\t\t<\/div>\n\n\t\t<p class=\"ha-steps-title\">BE A VOLUNTEER<\/p>\n\t\t\t\t\t<p class=\"ha-step-description\"><br>\nWorking with us has a lot of benefits. From exclusive Madrid campus clothing to Daily meals and refreshments. Community- Hours service and a great opportunity to learn from the Madrid coaches.<\/p>\n\t\t\n\t\t\t\t\t\t<\/div>\n\t\t\t\t<\/div>\n\t\t\t\t<div class=\"elementor-element elementor-element-162647b elementor-align-center elementor-widget elementor-widget-button\" data-id=\"162647b\" data-element_type=\"widget\" data-e-type=\"widget\" data-widget_type=\"button.default\">\n\t\t\t\t<div class=\"elementor-widget-container\">\n\t\t\t\t\t\t\t\t\t<div class=\"elementor-button-wrapper\">\n\t\t\t\t\t<a class=\"elementor-button elementor-button-link elementor-size-sm\" href=\"\/staff-registration\/\">\n\t\t\t\t\t\t<span class=\"elementor-button-content-wrapper\">\n\t\t\t\t\t\t\t\t\t<span class=\"elementor-button-text\">APPLY NOW<\/span>\n\t\t\t\t\t<\/span>\n\t\t\t\t\t<\/a>\n\t\t\t\t<\/div>\n\t\t\t\t\t\t\t\t<\/div>\n\t\t\t\t<\/div>\n\t\t\t\t\t<\/div>\n\t\t<\/div>\n\t\t\t\t<div class=\"elementor-column elementor-col-33 elementor-inner-column elementor-element elementor-element-f780536\" data-id=\"f780536\" data-element_type=\"column\" data-e-type=\"column\">\n\t\t\t<div class=\"elementor-widget-wrap elementor-element-populated\">\n\t\t\t\t\t\t<div class=\"elementor-element elementor-element-ee7b37d elementor-widget elementor-widget-ha-step-flow happy-addon ha-step-flow\" data-id=\"ee7b37d\" data-element_type=\"widget\" data-e-type=\"widget\" data-widget_type=\"ha-step-flow.default\">\n\t\t\t\t<div class=\"elementor-widget-container\">\n\t\t\t\t\t\n\t\t<div class=\"ha-steps-icon\">\n\t\t\t\t\t\t\t<span class=\"ha-step-arrow\"><\/span>\n\t\t\t\n\t\t\t<i class=\"hm hm-football\"><\/i>\n\t\t\t\t\t<\/div>\n\n\t\t<p class=\"ha-steps-title\">SOCCER CLUBS<\/p>\n\t\t\t\t\t<p class=\"ha-step-description\"><br>\nWe are always looking for clubs interested in;<br>\n\n    - Host a Real Madrid Soccer Camp.<br>\n    - Bring players to our soccer camps.<br>\n    - Offer a coaching clinic to its coaches.<br>\n\nContact us and share your ideas!<br><\/p>\n\t\t\n\t\t\t\t\t\t<\/div>\n\t\t\t\t<\/div>\n\t\t\t\t<div class=\"elementor-element elementor-element-609b15b elementor-align-center elementor-widget elementor-widget-button\" data-id=\"609b15b\" data-element_type=\"widget\" data-e-type=\"widget\" data-widget_type=\"button.default\">\n\t\t\t\t<div class=\"elementor-widget-container\">\n\t\t\t\t\t\t\t\t\t<div class=\"elementor-button-wrapper\">\n\t\t\t\t\t<a class=\"elementor-button elementor-button-link elementor-size-sm\" href=\"\/contact-us\/\">\n\t\t\t\t\t\t<span class=\"elementor-button-content-wrapper\">\n\t\t\t\t\t\t\t\t\t<span class=\"elementor-button-text\">CONTACT US<\/span>\n\t\t\t\t\t<\/span>\n\t\t\t\t\t<\/a>\n\t\t\t\t<\/div>\n\t\t\t\t\t\t\t\t<\/div>\n\t\t\t\t<\/div>\n\t\t\t\t\t<\/div>\n\t\t<\/div>\n\t\t\t\t\t<\/div>\n\t\t<\/section>\n\t\t\t\t\t<\/div>\n\t\t<\/div>\n\t\t\t\t\t<\/div>\n\t\t<\/section>\n\t\t\t\t<\/div>\n\t\t","protected":false},"excerpt":{"rendered":"<p>D\u00c9SIREUX DE COLLABORER ? FONDATION REAL MADRID CAMPS DE FOOT COLLABORATIONS DISPONIBLES Nos camps de football officiels du Real Madrid au Canada sont l&rsquo;environnement id\u00e9al pour collaborer et offrent de nombreux avantages. Kaptiva Sports est toujours \u00e0 la recherche de collaborations. Des clubs de football, des entra\u00eeneurs assistants, des volontaires et d&rsquo;autres postes int\u00e9ressants sont [&hellip;]<\/p>\n","protected":false},"author":3,"featured_media":0,"parent":0,"menu_order":0,"comment_status":"closed","ping_status":"closed","template":"elementor_header_footer","meta":{"_acf_changed":false,"footnotes":""},"class_list":["post-2273","page","type-page","status-publish","hentry"],"acf":[],"yoast_head":"<!-- This site is optimized with the Yoast SEO Premium plugin v27.4 (Yoast SEO v27.4) - https:\/\/yoast.com\/product\/yoast-seo-premium-wordpress\/ -->\n<title>Collaborer - rmfsoccercampscanada.com<\/title>\n<meta name=\"robots\" content=\"index, follow, max-snippet:-1, max-image-preview:large, max-video-preview:-1\" \/>\n<link rel=\"canonical\" href=\"https:\/\/rmfsoccercampscanada.com\/collaborate\/\" \/>\n<meta property=\"og:locale\" content=\"fr_FR\" \/>\n<meta property=\"og:type\" content=\"article\" \/>\n<meta property=\"og:title\" content=\"Collaborer\" \/>\n<meta property=\"og:description\" content=\"D\u00c9SIREUX DE COLLABORER ? FONDATION REAL MADRID CAMPS DE FOOT COLLABORATIONS DISPONIBLES Nos camps de football officiels du Real Madrid au Canada sont l&rsquo;environnement id\u00e9al pour collaborer et offrent de nombreux avantages. Kaptiva Sports est toujours \u00e0 la recherche de collaborations. Des clubs de football, des entra\u00eeneurs assistants, des volontaires et d&rsquo;autres postes int\u00e9ressants sont [&hellip;]\" \/>\n<meta property=\"og:url\" content=\"https:\/\/rmfsoccercampscanada.com\/collaborate\/\" \/>\n<meta property=\"og:site_name\" content=\"rmfsoccercampscanada.com\" \/>\n<meta property=\"article:publisher\" content=\"https:\/\/www.facebook.com\/RMFSoccerCampsCanada\/\" \/>\n<meta name=\"twitter:card\" content=\"summary_large_image\" \/>\n<meta name=\"twitter:label1\" content=\"Dur\u00e9e de lecture estim\u00e9e\" \/>\n\t<meta name=\"twitter:data1\" content=\"1 minute\" \/>\n<script type=\"application\/ld+json\" class=\"yoast-schema-graph\">{\"@context\":\"https:\\\/\\\/schema.org\",\"@graph\":[{\"@type\":\"WebPage\",\"@id\":\"https:\\\/\\\/rmfsoccercampscanada.com\\\/collaborate\\\/\",\"url\":\"https:\\\/\\\/rmfsoccercampscanada.com\\\/collaborate\\\/\",\"name\":\"Collaborer - rmfsoccercampscanada.com\",\"isPartOf\":{\"@id\":\"https:\\\/\\\/rmfsoccercampscanada.com\\\/#website\"},\"datePublished\":\"2024-07-29T15:01:44+00:00\",\"breadcrumb\":{\"@id\":\"https:\\\/\\\/rmfsoccercampscanada.com\\\/collaborate\\\/#breadcrumb\"},\"inLanguage\":\"fr-FR\",\"potentialAction\":[{\"@type\":\"ReadAction\",\"target\":[\"https:\\\/\\\/rmfsoccercampscanada.com\\\/collaborate\\\/\"]}]},{\"@type\":\"BreadcrumbList\",\"@id\":\"https:\\\/\\\/rmfsoccercampscanada.com\\\/collaborate\\\/#breadcrumb\",\"itemListElement\":[{\"@type\":\"ListItem\",\"position\":1,\"name\":\"Home\",\"item\":\"https:\\\/\\\/rmfsoccercampscanada.com\\\/\"},{\"@type\":\"ListItem\",\"position\":2,\"name\":\"Collaborer\"}]},{\"@type\":\"WebSite\",\"@id\":\"https:\\\/\\\/rmfsoccercampscanada.com\\\/#website\",\"url\":\"https:\\\/\\\/rmfsoccercampscanada.com\\\/\",\"name\":\"Real Madrid Soccer Camps in Canada | rmfsoccercampscanada.com\",\"description\":\"Real Madrid Soccer Camps in Canada | rmfsoccercampscanada.com\",\"potentialAction\":[{\"@type\":\"SearchAction\",\"target\":{\"@type\":\"EntryPoint\",\"urlTemplate\":\"https:\\\/\\\/rmfsoccercampscanada.com\\\/?s={search_term_string}\"},\"query-input\":{\"@type\":\"PropertyValueSpecification\",\"valueRequired\":true,\"valueName\":\"search_term_string\"}}],\"inLanguage\":\"fr-FR\"}]}<\/script>\n<!-- \/ Yoast SEO Premium plugin. -->","yoast_head_json":{"title":"Collaborer - rmfsoccercampscanada.com","robots":{"index":"index","follow":"follow","max-snippet":"max-snippet:-1","max-image-preview":"max-image-preview:large","max-video-preview":"max-video-preview:-1"},"canonical":"https:\/\/rmfsoccercampscanada.com\/collaborate\/","og_locale":"fr_FR","og_type":"article","og_title":"Collaborer","og_description":"D\u00c9SIREUX DE COLLABORER ? FONDATION REAL MADRID CAMPS DE FOOT COLLABORATIONS DISPONIBLES Nos camps de football officiels du Real Madrid au Canada sont l&rsquo;environnement id\u00e9al pour collaborer et offrent de nombreux avantages. Kaptiva Sports est toujours \u00e0 la recherche de collaborations. Des clubs de football, des entra\u00eeneurs assistants, des volontaires et d&rsquo;autres postes int\u00e9ressants sont [&hellip;]","og_url":"https:\/\/rmfsoccercampscanada.com\/collaborate\/","og_site_name":"rmfsoccercampscanada.com","article_publisher":"https:\/\/www.facebook.com\/RMFSoccerCampsCanada\/","twitter_card":"summary_large_image","twitter_misc":{"Dur\u00e9e de lecture estim\u00e9e":"1 minute"},"schema":{"@context":"https:\/\/schema.org","@graph":[{"@type":"WebPage","@id":"https:\/\/rmfsoccercampscanada.com\/collaborate\/","url":"https:\/\/rmfsoccercampscanada.com\/collaborate\/","name":"Collaborer - rmfsoccercampscanada.com","isPartOf":{"@id":"https:\/\/rmfsoccercampscanada.com\/#website"},"datePublished":"2024-07-29T15:01:44+00:00","breadcrumb":{"@id":"https:\/\/rmfsoccercampscanada.com\/collaborate\/#breadcrumb"},"inLanguage":"fr-FR","potentialAction":[{"@type":"ReadAction","target":["https:\/\/rmfsoccercampscanada.com\/collaborate\/"]}]},{"@type":"BreadcrumbList","@id":"https:\/\/rmfsoccercampscanada.com\/collaborate\/#breadcrumb","itemListElement":[{"@type":"ListItem","position":1,"name":"Home","item":"https:\/\/rmfsoccercampscanada.com\/"},{"@type":"ListItem","position":2,"name":"Collaborer"}]},{"@type":"WebSite","@id":"https:\/\/rmfsoccercampscanada.com\/#website","url":"https:\/\/rmfsoccercampscanada.com\/","name":"Real Madrid Soccer Camps in Canada | rmfsoccercampscanada.com","description":"Real Madrid Soccer Camps in Canada | rmfsoccercampscanada.com","potentialAction":[{"@type":"SearchAction","target":{"@type":"EntryPoint","urlTemplate":"https:\/\/rmfsoccercampscanada.com\/?s={search_term_string}"},"query-input":{"@type":"PropertyValueSpecification","valueRequired":true,"valueName":"search_term_string"}}],"inLanguage":"fr-FR"}]}},"_links":{"self":[{"href":"https:\/\/rmfsoccercampscanada.com\/fr\/wp-json\/wp\/v2\/pages\/2273","targetHints":{"allow":["GET"]}}],"collection":[{"href":"https:\/\/rmfsoccercampscanada.com\/fr\/wp-json\/wp\/v2\/pages"}],"about":[{"href":"https:\/\/rmfsoccercampscanada.com\/fr\/wp-json\/wp\/v2\/types\/page"}],"author":[{"embeddable":true,"href":"https:\/\/rmfsoccercampscanada.com\/fr\/wp-json\/wp\/v2\/users\/3"}],"replies":[{"embeddable":true,"href":"https:\/\/rmfsoccercampscanada.com\/fr\/wp-json\/wp\/v2\/comments?post=2273"}],"version-history":[{"count":0,"href":"https:\/\/rmfsoccercampscanada.com\/fr\/wp-json\/wp\/v2\/pages\/2273\/revisions"}],"wp:attachment":[{"href":"https:\/\/rmfsoccercampscanada.com\/fr\/wp-json\/wp\/v2\/media?parent=2273"}],"curies":[{"name":"wp","href":"https:\/\/api.w.org\/{rel}","templated":true}]}}