{"id":2278,"date":"2023-12-15T11:12:47","date_gmt":"2023-12-15T11:12:47","guid":{"rendered":"https:\/\/rmfsoccercampscanada.com\/mentions-legales\/"},"modified":"2024-09-24T17:34:14","modified_gmt":"2024-09-24T17:34:14","slug":"mentions-legales","status":"publish","type":"page","link":"https:\/\/rmfsoccercampscanada.com\/fr\/mentions-legales\/","title":{"rendered":"Mentions l\u00e9gales"},"content":{"rendered":"\t\t<div data-elementor-type=\"wp-page\" data-elementor-id=\"2278\" class=\"elementor elementor-2278\" data-elementor-settings=\"{&quot;ha_cmc_init_switcher&quot;:&quot;no&quot;}\" data-elementor-post-type=\"page\">\n\t\t\t\t\t\t<section class=\"elementor-section elementor-top-section elementor-element elementor-element-92fab63 elementor-section-boxed elementor-section-height-default elementor-section-height-default\" data-id=\"92fab63\" data-element_type=\"section\" data-e-type=\"section\" data-settings=\"{&quot;background_background&quot;:&quot;classic&quot;,&quot;_ha_eqh_enable&quot;:false}\">\n\t\t\t\t\t\t\t<div class=\"elementor-background-overlay\"><\/div>\n\t\t\t\t\t\t\t<div class=\"elementor-container elementor-column-gap-default\">\n\t\t\t\t\t<div class=\"elementor-column elementor-col-100 elementor-top-column elementor-element elementor-element-8db1e80\" data-id=\"8db1e80\" data-element_type=\"column\" data-e-type=\"column\">\n\t\t\t<div class=\"elementor-widget-wrap elementor-element-populated\">\n\t\t\t\t\t\t<div class=\"elementor-element elementor-element-c110c08 elementor-widget elementor-widget-heading\" data-id=\"c110c08\" data-element_type=\"widget\" data-e-type=\"widget\" data-widget_type=\"heading.default\">\n\t\t\t\t<div class=\"elementor-widget-container\">\n\t\t\t\t\t<h2 class=\"elementor-heading-title elementor-size-default\">mentions l\u00e9gales<\/h2>\t\t\t\t<\/div>\n\t\t\t\t<\/div>\n\t\t\t\t\t<\/div>\n\t\t<\/div>\n\t\t\t\t\t<\/div>\n\t\t<\/section>\n\t\t\t\t<section class=\"elementor-section elementor-top-section elementor-element elementor-element-cd21980 elementor-section-boxed elementor-section-height-default elementor-section-height-default\" data-id=\"cd21980\" data-element_type=\"section\" data-e-type=\"section\" data-settings=\"{&quot;_ha_eqh_enable&quot;:false}\">\n\t\t\t\t\t\t<div class=\"elementor-container elementor-column-gap-default\">\n\t\t\t\t\t<div class=\"elementor-column elementor-col-100 elementor-top-column elementor-element elementor-element-91681c9\" data-id=\"91681c9\" data-element_type=\"column\" data-e-type=\"column\">\n\t\t\t<div class=\"elementor-widget-wrap elementor-element-populated\">\n\t\t\t\t\t\t<div class=\"elementor-element elementor-element-cd97cd6 elementor-widget elementor-widget-text-editor\" data-id=\"cd97cd6\" data-element_type=\"widget\" data-e-type=\"widget\" data-widget_type=\"text-editor.default\">\n\t\t\t\t<div class=\"elementor-widget-container\">\n\t\t\t\t\t\t\t\t\t<p>MENTIONS L\u00c9GALES ET CONDITIONS D&rsquo;UTILISATION DU SITE WEB<\/p><p>Afin de se conformer \u00e0 l&rsquo;article 10 de la loi 34\/2002 relative aux services de la soci\u00e9t\u00e9 de l&rsquo;information et du commerce \u00e9lectronique, nous informerons les utilisateurs des donn\u00e9es suivantes\u00a0:<\/p><p>Raison sociale\u00a0: KAPTIVA SPORTS, S.L.<\/p><p>Adresse de la soci\u00e9t\u00e9 : C\/Arag\u00f3, 217, 08007 Barcelona, \u200b\u200b(Barcelona)<\/p><p>Num\u00e9ro d&rsquo;identification fiscale : B65352114<\/p><p>T\u00e9l\u00e9phone : 931597267<\/p><p>E-Mail : info@kaptivasports.com<\/p><p>Site Web : www.kaptivasports.com<\/p><p>Donn\u00e9es d&rsquo;inscription :<\/p><p>1.- Objet du contrat<\/p><p>KAPTIVA SPORTS, S.L. (ci-apr\u00e8s le Fournisseur), en tant qu&rsquo;entit\u00e9 responsable du site Web, fournit ce document aux Utilisateurs, qui r\u00e9glemente l&rsquo;utilisation du site Web www.kaptivasports.com, par lequel nous entendons respecter les obligations \u00e9nonc\u00e9es dans la loi 34\/2002 relative aux services de la soci\u00e9t\u00e9 de l&rsquo;information et du commerce \u00e9lectronique (LSSICE ou LSSI), ainsi qu&rsquo;informer tous les Utilisateurs des conditions d&rsquo;utilisation du site Web.<\/p><p>Par le biais du Web, KAPTIVA SPORTS, S.L. KAPTIVA SPORTS, S.L. offre aux utilisateurs l&rsquo;acc\u00e8s et l&rsquo;utilisation de diff\u00e9rents services et contenus mis \u00e0 disposition via le Web.<\/p><p>Toute personne acc\u00e9dant \u00e0 ce site Web assume le r\u00f4le d&rsquo;Utilisateur (ci-apr\u00e8s, l&rsquo;Utilisateur), ce qui implique par cons\u00e9quent l&rsquo;acceptation pleine et sans r\u00e9serve de chacune des dispositions incluses dans le pr\u00e9sent avis juridique, ainsi que de toute autre disposition l\u00e9gale applicable.<\/p><p>En tant qu&rsquo;Utilisateur, vous devez lire attentivement le pr\u00e9sent Avis L\u00e9gal \u00e0 chaque fois que vous acc\u00e9dez au Web, car il peut y avoir des modifications, \u00e9tant donn\u00e9 que le fournisseur se r\u00e9serve le droit de modifier tout type d&rsquo;informations pouvant appara\u00eetre sur le Web sans avoir \u00e0 avertir au pr\u00e9alable ou \u00e0 informer les utilisateurs de ces obligations, la simple publication sur le site Web du fournisseur \u00e9tant suffisante.<\/p><p>CONDITIONS D&rsquo;ACC\u00c8S ET D&rsquo;UTILISATION DU WEB.<br \/>2.1. Acc\u00e8s et utilisation gratuits du Web.<\/p><p>La prestation de services par KAPTIVA SPORTS, S.L. est gratuite pour tous les Utilisateurs. Cependant, certains des services rendus par le fournisseur via le Web sont soumis au paiement d&rsquo;un prix sp\u00e9cifique via le contrat g\u00e9n\u00e9ral de conditions.<\/p><p>2.2. Inscription des utilisateurs.<\/p><p>En g\u00e9n\u00e9ral, la prestation des Services ne n\u00e9cessite pas d&rsquo;abonnement ou d&rsquo;inscription pr\u00e9alable des Utilisateurs. N\u00e9anmoins, KAPTIVA SPORTS, S.L. ne conditionne l&rsquo;utilisation de certains services que si l&rsquo;Utilisateur a pr\u00e9alablement rempli le formulaire d&rsquo;inscription d&rsquo;Utilisateur correspondant. Cette inscription doit \u00eatre compl\u00e9t\u00e9e de la mani\u00e8re express\u00e9ment indiqu\u00e9e dans la section du service elle-m\u00eame.<\/p><p>2.3. Exactitude et v\u00e9racit\u00e9 des informations<\/p><p>Toutes les informations fournies par l&rsquo;Utilisateur doivent \u00eatre exactes et v\u00e9ridiques. \u00c0 ces fins, l&rsquo;Utilisateur garantit l&rsquo;authenticit\u00e9 des donn\u00e9es fournies via les formulaires de souscription des Services. L&rsquo;Utilisateur est responsable de maintenir \u00e0 jour en permanence toutes les informations fournies \u00e0 KAPTIVA SPORTS, S.L. de mani\u00e8re \u00e0 ce qu&rsquo;elles refl\u00e8tent, \u00e0 tout moment, sa situation r\u00e9elle. Dans tous les cas, l&rsquo;Utilisateur sera seul responsable des d\u00e9clarations fausses ou inexactes fournies par lui, ainsi que des dommages qui pourraient \u00eatre caus\u00e9s au fournisseur ou \u00e0 des tiers en cons\u00e9quence.<\/p><p>2.4. Mineurs<\/p><p>Pour l&rsquo;utilisation des services, les mineurs doivent toujours obtenir le consentement pr\u00e9alable de leurs parents, tuteurs ou repr\u00e9sentants l\u00e9gaux, qui sont responsables en dernier ressort de tous les actes accomplis par ces mineurs sous leur garde.<\/p><p>2.5. Obligation de faire un usage correct du Web.<\/p><p>L&rsquo;Utilisateur s&rsquo;engage \u00e0 utiliser le Site Web dans le respect de la Loi et du pr\u00e9sent Avis L\u00e9gal, ainsi que conform\u00e9ment \u00e0 la morale et aux bonnes m\u0153urs. \u00c0 cet effet, l&rsquo;Utilisateur s&rsquo;abstiendra d&rsquo;utiliser la page \u00e0 des fins illicites ou interdites, et\/ou pr\u00e9judiciables aux droits et int\u00e9r\u00eats de tiers, et\/ou qui pourraient de quelque mani\u00e8re que ce soit endommager, d\u00e9sactiver, surcharger, d\u00e9t\u00e9riorer ou emp\u00eacher l&rsquo;utilisation normale des \u00e9quipements informatiques ou des documents, fichiers et tout type de contenu stock\u00e9 sur tout \u00e9quipement informatique du fournisseur.<\/p><p>\u00c0 titre indicatif mais non limitatif, l&rsquo;Utilisateur s&rsquo;engage \u00e0 ne pas transmettre, diffuser ou mettre \u00e0 disposition de tiers des informations, donn\u00e9es, contenus, messages, graphiques, dessins, fichiers sonores ou images, photographies, enregistrements, logiciels et, en g\u00e9n\u00e9ral, tout type de mat\u00e9riel qui :<\/p><p>(a) est contraire, m\u00e9prise ou porte atteinte aux droits fondamentaux et aux libert\u00e9s publiques reconnus par la Constitution espagnole, les trait\u00e9s internationaux et autres lois applicables en vigueur ;<\/p><p>(b) induit, incite ou favorise des actions criminelles, d\u00e9gradantes, diffamatoires, violentes ou, en g\u00e9n\u00e9ral, contraires \u00e0 la loi, \u00e0 la morale et \u00e0 l&rsquo;ordre public ;<\/p><p>(c) induit, incite ou favorise des actions, attitudes ou pens\u00e9es discriminatoires fond\u00e9es sur le sexe, la race, la religion, les croyances, l&rsquo;\u00e2ge ou la condition ;<\/p><p>(d) est contraire aux droits relatifs \u00e0 l&rsquo;honneur, \u00e0 la vie priv\u00e9e ou familiale ou \u00e0 l&rsquo;image de la personne ;<\/p><p>(e) porte atteinte de quelque mani\u00e8re que ce soit \u00e0 la cr\u00e9dibilit\u00e9 du prestataire ou de tiers ; et<\/p><p>(f) constitue une publicit\u00e9 illicite, trompeuse ou d\u00e9loyale.<\/p><p>3.- EXCLUSION DE GARANTIES ET DE RESPONSABILIT\u00c9<\/p><p>Le fournisseur est exon\u00e9r\u00e9 de toute responsabilit\u00e9 d\u00e9coulant des informations publi\u00e9es sur notre site Web, \u00e0 condition que ces informations aient \u00e9t\u00e9 manipul\u00e9es ou introduites par un tiers.<\/p><p>Ce site Web a \u00e9t\u00e9 r\u00e9vis\u00e9 et test\u00e9 pour fonctionner correctement. En principe, son bon fonctionnement peut \u00eatre garanti 365 jours par an, 24 heures sur 24. Cependant, le fournisseur n&rsquo;exclut pas la possibilit\u00e9 qu&rsquo;il puisse y avoir certaines erreurs de programmation, ou qu&rsquo;il y ait des causes de force majeure, des catastrophes naturelles, des gr\u00e8ves ou des circonstances similaires qui pourraient rendre impossible l&rsquo;acc\u00e8s au site Web.<\/p><p>KAPTIVA SPORTS, S.L. n&rsquo;accorde aucune garantie et n&rsquo;est en aucun cas responsable de tout dommage de toute nature pouvant r\u00e9sulter du manque de disponibilit\u00e9, de maintenance et de fonctionnement efficace du site Web ou de ses services et contenus ; de l&rsquo;existence de virus, de programmes malveillants ou de contenus nuisibles ; de l&rsquo;utilisation illicite, n\u00e9gligente, frauduleuse ou contraire au pr\u00e9sent avis juridique et aux conditions d&rsquo;utilisation ; ou le manque de l\u00e9galit\u00e9, de qualit\u00e9, de fiabilit\u00e9, d\u2019utilit\u00e9 et de disponibilit\u00e9 des services fournis par des tiers et des actions mises \u00e0 disposition des utilisateurs sur le site Web.<\/p><p>Le fournisseur n\u2019est en aucun cas responsable de tous les dommages qui pourraient r\u00e9sulter de l\u2019utilisation ill\u00e9gale ou impropre de ce site Web.<\/p><p>4.- COOKIES<\/p><p>Le site Web du fournisseur peut utiliser des cookies (petits fichiers d\u2019informations que le serveur envoie \u00e0 l\u2019ordinateur de la personne acc\u00e9dant \u00e0 la page) pour ex\u00e9cuter certaines fonctions consid\u00e9r\u00e9es comme essentielles au bon fonctionnement et \u00e0 la visualisation du site Web. Les cookies utilis\u00e9s ont, dans tous les cas, un caract\u00e8re temporaire, dans le seul but de rendre la navigation plus efficace, et ils doivent dispara\u00eetre une fois la session de l\u2019utilisateur termin\u00e9e.<\/p><p>En aucun cas, les cookies ne seront utilis\u00e9s pour collecter des informations personnelles.<\/p><p>Pour plus d\u2019informations, consultez notre politique de cookies.<\/p><p>5.- LIENS<\/p><p>\u00c0 partir du site Web, vous pouvez \u00eatre redirig\u00e9 vers des contenus tiers. Comme il n\u2019est pas toujours possible de contr\u00f4ler le contenu saisi par des tiers, KAPTIVA SPORTS, S.L. n\u2019assume aucune responsabilit\u00e9 concernant ces contenus. Dans tous les cas, le fournisseur s&rsquo;engage \u00e0 retirer imm\u00e9diatement tout contenu qui pourrait contrevenir aux lois nationales ou internationales, \u00e0 la morale ou \u00e0 l&rsquo;ordre public, en proc\u00e9dant \u00e9galement au retrait imm\u00e9diat de la redirection vers ces sites Web, ainsi qu&rsquo;\u00e0 informer les autorit\u00e9s comp\u00e9tentes du contenu en question.<\/p><p>Le fournisseur n&rsquo;est pas responsable des informations et du contenu stock\u00e9 qui peuvent \u00eatre inclus, mais sans s&rsquo;y limiter, dans les forums, les chats, les g\u00e9n\u00e9rateurs de blogs, les commentaires, les r\u00e9seaux sociaux ou tout autre moyen permettant \u00e0 des tiers de publier de mani\u00e8re ind\u00e9pendante le contenu du site Web du fournisseur. Cependant, et conform\u00e9ment aux dispositions de l&rsquo;art. 11 et 16 de la LSSICE (Loi sur la soci\u00e9t\u00e9 de l&rsquo;information et le commerce \u00e9lectronique en Espagne), le fournisseur s&rsquo;engage \u00e0 \u00eatre \u00e0 la disposition de tous les utilisateurs, autorit\u00e9s et forces de s\u00e9curit\u00e9, afin de collaborer activement au retrait ou, si n\u00e9cessaire, au blocage de tout contenu qui pourrait affecter ou contrevenir aux lois nationales ou internationales, aux droits de tiers ou \u00e0 des fins de morale et d&rsquo;ordre public. Dans le cas o\u00f9 l&rsquo;utilisateur consid\u00e8re qu&rsquo;il peut y avoir un contenu susceptible d&rsquo;\u00eatre susceptible de cette classification, il doit en informer imm\u00e9diatement l&rsquo;administrateur du site Web.<\/p><p>6.- PROTECTION DES DONN\u00c9ES PERSONNELLES<\/p><p>Le prestataire est profond\u00e9ment engag\u00e9 dans le respect de la r\u00e9glementation sur la protection des donn\u00e9es personnelles et garantit le plein respect des obligations \u00e9nonc\u00e9es dans ladite r\u00e9glementation, ce qui comprend \u00e9galement la mise en \u0153uvre des mesures de s\u00e9curit\u00e9 \u00e9tablies dans le r\u00e8glement europ\u00e9en sur la protection des donn\u00e9es et dans la r\u00e9glementation espagnole sur la protection des donn\u00e9es. Pour plus d&rsquo;informations, consultez notre politique de confidentialit\u00e9.<\/p><p>R\u00c9SEAUX SOCIAUX<br \/>Nous vous informons que KAPTIVA SPORTS, S.L. peut \u00eatre pr\u00e9sent sur les r\u00e9seaux sociaux. Le traitement des donn\u00e9es que les utilisateurs incluent dans les r\u00e9seaux sociaux [en devenant des abonn\u00e9s du prestataire sur les r\u00e9seaux sociaux (et\/ou en r\u00e9alisant tout lien ou action de connexion via ceux-ci)] sera r\u00e9gi par cette section, ainsi que par les conditions d&rsquo;utilisation, les politiques de confidentialit\u00e9 et les r\u00e9glementations d&rsquo;acc\u00e8s et d&rsquo;utilisation des r\u00e9seaux sociaux en question et sont pr\u00e9alablement accept\u00e9es par l&rsquo;utilisateur.<\/p><p>KAPTIVA SPORTS, S.L. traitera vos donn\u00e9es afin de vous informer des activit\u00e9s, produits ou services du prestataire via ces r\u00e9seaux sociaux, ainsi qu&rsquo;\u00e0 toute autre fin autoris\u00e9e par la r\u00e9glementation des r\u00e9seaux sociaux, mais ne sera pas responsable de leurs politiques de confidentialit\u00e9.<\/p><p>Les publications de contenus suivants sont interdites :<\/p><p>\u2013 Lorsqu\u2019elles sont illicites au regard des r\u00e9glementations nationales, communautaires ou internationales ou qu\u2019elles r\u00e9alisent des activit\u00e9s pr\u00e9tendument illicites ou contraires aux principes de bonne foi.<\/p><p>\u2013 Lorsqu\u2019elles menacent les droits fondamentaux des personnes, manquent de courtoisie sur le r\u00e9seau, g\u00eanent ou peuvent g\u00e9n\u00e9rer des opinions n\u00e9gatives sur nos utilisateurs ou des tiers et en g\u00e9n\u00e9ral tout contenu que KAPTIVA SPORTS, S.L. consid\u00e8re inappropri\u00e9.<\/p><p>\u2013 Et en g\u00e9n\u00e9ral, lorsqu\u2019elles contreviennent aux principes de l\u00e9galit\u00e9, d\u2019honn\u00eatet\u00e9, de responsabilit\u00e9, de protection de la dignit\u00e9 humaine, de protection des mineurs, de protection de l\u2019ordre public, de protection de la vie priv\u00e9e, de protection des consommateurs et de droits de propri\u00e9t\u00e9 intellectuelle et industrielle.<\/p><p>En outre, KAPTIVA SPORTS, S.L. se r\u00e9serve le droit de supprimer, sans pr\u00e9avis, du site Web ou du r\u00e9seau social d\u2019entreprise, les contenus qu\u2019elle juge inappropri\u00e9s.<\/p><p>8.- PROPRI\u00c9T\u00c9 INTELLECTUELLE ET INDUSTRIELLE<\/p><p>Le site Web, y compris, mais sans s&rsquo;y limiter, la programmation, l&rsquo;\u00e9dition, la compilation et les autres \u00e9l\u00e9ments n\u00e9cessaires \u00e0 son fonctionnement, les conceptions, logos, textes, photographies et\/ou graphiques sont tous la propri\u00e9t\u00e9 du fournisseur ou, le cas \u00e9ch\u00e9ant, son utilisation est bas\u00e9e sur un accord de licence ou une autorisation expresse de la part du ou des titulaires. Tous les contenus du site Web sont d\u00fbment prot\u00e9g\u00e9s par les r\u00e8gles de propri\u00e9t\u00e9 intellectuelle et industrielle.<\/p><p>Ind\u00e9pendamment de la finalit\u00e9 \u00e0 laquelle ils sont destin\u00e9s, la reproduction totale ou partielle, l&rsquo;utilisation, la distribution et la communication publique n\u00e9cessitent l&rsquo;autorisation \u00e9crite pr\u00e9alable du fournisseur. Toute utilisation non autoris\u00e9e au pr\u00e9alable par le fournisseur sera consid\u00e9r\u00e9e comme une violation grave des droits de propri\u00e9t\u00e9 intellectuelle ou industrielle du ou des titulaires.<\/p><p>Les conceptions, logos, textes et\/ou graphiques \u00e9trangers au fournisseur qui peuvent appara\u00eetre sur le site Web sont la propri\u00e9t\u00e9 de leurs propri\u00e9taires respectifs, ceux-ci \u00e9tant eux-m\u00eames responsables de tout \u00e9ventuel litige pouvant survenir \u00e0 leur \u00e9gard. Dans tous les cas, le fournisseur dispose de l&rsquo;autorisation expresse et pr\u00e9alable de ces propri\u00e9taires.<\/p><p>Le fournisseur reconna\u00eet, en faveur des propri\u00e9taires, leurs droits de propri\u00e9t\u00e9 industrielle et intellectuelle correspondants, par cons\u00e9quent leur mention ou apparition sur le site Web, n&rsquo;implique pas l&rsquo;existence de droits ou de responsabilit\u00e9 du fournisseur sur eux, ainsi que l&rsquo;approbation, le parrainage ou la recommandation de la part de celui-ci.<\/p><p>Pour faire tout type d&rsquo;observation concernant d&rsquo;\u00e9ventuelles violations des droits de propri\u00e9t\u00e9 intellectuelle ou industrielle, ainsi que de tout contenu du site Web, vous pouvez communiquer avec le fournisseur via l&rsquo;e-mail de contact ci-dessus.<\/p><p>9.- LOI APPLICABLE ET JURIDICTION<\/p><p>Pour la r\u00e9solution de litiges ou de probl\u00e8mes li\u00e9s \u00e0 ce site Web ou aux activit\u00e9s qui y sont d\u00e9velopp\u00e9es, ils seront r\u00e9gis par les lois applicables en Espagne, auxquelles les parties se soumettent express\u00e9ment, les tribunaux de KAPTIVA SPORTS, S.L. \u00e9tant les entit\u00e9s comp\u00e9tentes qui r\u00e9soudront tous les litiges qui d\u00e9coulent ou sont li\u00e9s \u00e0 l&rsquo;utilisation effectu\u00e9e par ces parties.<\/p>\t\t\t\t\t\t\t\t<\/div>\n\t\t\t\t<\/div>\n\t\t\t\t\t<\/div>\n\t\t<\/div>\n\t\t\t\t\t<\/div>\n\t\t<\/section>\n\t\t\t\t<\/div>\n\t\t","protected":false},"excerpt":{"rendered":"<p>mentions l\u00e9gales MENTIONS L\u00c9GALES ET CONDITIONS D&rsquo;UTILISATION DU SITE WEB Afin de se conformer \u00e0 l&rsquo;article 10 de la loi 34\/2002 relative aux services de la soci\u00e9t\u00e9 de l&rsquo;information et du commerce \u00e9lectronique, nous informerons les utilisateurs des donn\u00e9es suivantes\u00a0: Raison sociale\u00a0: KAPTIVA SPORTS, S.L. Adresse de la soci\u00e9t\u00e9 : C\/Arag\u00f3, 217, 08007 Barcelona, \u200b\u200b(Barcelona) [&hellip;]<\/p>\n","protected":false},"author":1,"featured_media":0,"parent":0,"menu_order":0,"comment_status":"closed","ping_status":"closed","template":"elementor_header_footer","meta":{"_acf_changed":false,"footnotes":""},"class_list":["post-2278","page","type-page","status-publish","hentry"],"acf":[],"yoast_head":"<!-- This site is optimized with the Yoast SEO Premium plugin v27.3 (Yoast SEO v27.3) - https:\/\/yoast.com\/product\/yoast-seo-premium-wordpress\/ -->\n<title>Mentions l\u00e9gales - rmfsoccercampscanada.com<\/title>\n<meta name=\"robots\" content=\"index, follow, max-snippet:-1, max-image-preview:large, max-video-preview:-1\" \/>\n<link rel=\"canonical\" href=\"https:\/\/rmfsoccercampscanada.com\/legal-notice\/\" \/>\n<meta property=\"og:locale\" content=\"fr_FR\" \/>\n<meta property=\"og:type\" content=\"article\" \/>\n<meta property=\"og:title\" content=\"Mentions l\u00e9gales\" \/>\n<meta property=\"og:description\" content=\"mentions l\u00e9gales MENTIONS L\u00c9GALES ET CONDITIONS D&rsquo;UTILISATION DU SITE WEB Afin de se conformer \u00e0 l&rsquo;article 10 de la loi 34\/2002 relative aux services de la soci\u00e9t\u00e9 de l&rsquo;information et du commerce \u00e9lectronique, nous informerons les utilisateurs des donn\u00e9es suivantes\u00a0: Raison sociale\u00a0: KAPTIVA SPORTS, S.L. Adresse de la soci\u00e9t\u00e9 : C\/Arag\u00f3, 217, 08007 Barcelona, \u200b\u200b(Barcelona) [&hellip;]\" \/>\n<meta property=\"og:url\" content=\"https:\/\/rmfsoccercampscanada.com\/legal-notice\/\" \/>\n<meta property=\"og:site_name\" content=\"rmfsoccercampscanada.com\" \/>\n<meta property=\"article:publisher\" content=\"https:\/\/www.facebook.com\/RMFSoccerCampsCanada\/\" \/>\n<meta property=\"article:modified_time\" content=\"2024-09-24T17:34:14+00:00\" \/>\n<meta name=\"twitter:card\" content=\"summary_large_image\" \/>\n<meta name=\"twitter:label1\" content=\"Dur\u00e9e de lecture estim\u00e9e\" \/>\n\t<meta name=\"twitter:data1\" content=\"9 minutes\" \/>\n<script type=\"application\/ld+json\" class=\"yoast-schema-graph\">{\"@context\":\"https:\\\/\\\/schema.org\",\"@graph\":[{\"@type\":\"WebPage\",\"@id\":\"https:\\\/\\\/rmfsoccercampscanada.com\\\/legal-notice\\\/\",\"url\":\"https:\\\/\\\/rmfsoccercampscanada.com\\\/legal-notice\\\/\",\"name\":\"Mentions l\u00e9gales - rmfsoccercampscanada.com\",\"isPartOf\":{\"@id\":\"https:\\\/\\\/rmfsoccercampscanada.com\\\/#website\"},\"datePublished\":\"2023-12-15T11:12:47+00:00\",\"dateModified\":\"2024-09-24T17:34:14+00:00\",\"breadcrumb\":{\"@id\":\"https:\\\/\\\/rmfsoccercampscanada.com\\\/legal-notice\\\/#breadcrumb\"},\"inLanguage\":\"fr-FR\",\"potentialAction\":[{\"@type\":\"ReadAction\",\"target\":[\"https:\\\/\\\/rmfsoccercampscanada.com\\\/legal-notice\\\/\"]}]},{\"@type\":\"BreadcrumbList\",\"@id\":\"https:\\\/\\\/rmfsoccercampscanada.com\\\/legal-notice\\\/#breadcrumb\",\"itemListElement\":[{\"@type\":\"ListItem\",\"position\":1,\"name\":\"Home\",\"item\":\"https:\\\/\\\/rmfsoccercampscanada.com\\\/\"},{\"@type\":\"ListItem\",\"position\":2,\"name\":\"Mentions l\u00e9gales\"}]},{\"@type\":\"WebSite\",\"@id\":\"https:\\\/\\\/rmfsoccercampscanada.com\\\/#website\",\"url\":\"https:\\\/\\\/rmfsoccercampscanada.com\\\/\",\"name\":\"Real Madrid Soccer Camps in Canada | rmfsoccercampscanada.com\",\"description\":\"Real Madrid Soccer Camps in Canada | rmfsoccercampscanada.com\",\"potentialAction\":[{\"@type\":\"SearchAction\",\"target\":{\"@type\":\"EntryPoint\",\"urlTemplate\":\"https:\\\/\\\/rmfsoccercampscanada.com\\\/?s={search_term_string}\"},\"query-input\":{\"@type\":\"PropertyValueSpecification\",\"valueRequired\":true,\"valueName\":\"search_term_string\"}}],\"inLanguage\":\"fr-FR\"}]}<\/script>\n<!-- \/ Yoast SEO Premium plugin. -->","yoast_head_json":{"title":"Mentions l\u00e9gales - rmfsoccercampscanada.com","robots":{"index":"index","follow":"follow","max-snippet":"max-snippet:-1","max-image-preview":"max-image-preview:large","max-video-preview":"max-video-preview:-1"},"canonical":"https:\/\/rmfsoccercampscanada.com\/legal-notice\/","og_locale":"fr_FR","og_type":"article","og_title":"Mentions l\u00e9gales","og_description":"mentions l\u00e9gales MENTIONS L\u00c9GALES ET CONDITIONS D&rsquo;UTILISATION DU SITE WEB Afin de se conformer \u00e0 l&rsquo;article 10 de la loi 34\/2002 relative aux services de la soci\u00e9t\u00e9 de l&rsquo;information et du commerce \u00e9lectronique, nous informerons les utilisateurs des donn\u00e9es suivantes\u00a0: Raison sociale\u00a0: KAPTIVA SPORTS, S.L. Adresse de la soci\u00e9t\u00e9 : C\/Arag\u00f3, 217, 08007 Barcelona, \u200b\u200b(Barcelona) [&hellip;]","og_url":"https:\/\/rmfsoccercampscanada.com\/legal-notice\/","og_site_name":"rmfsoccercampscanada.com","article_publisher":"https:\/\/www.facebook.com\/RMFSoccerCampsCanada\/","article_modified_time":"2024-09-24T17:34:14+00:00","twitter_card":"summary_large_image","twitter_misc":{"Dur\u00e9e de lecture estim\u00e9e":"9 minutes"},"schema":{"@context":"https:\/\/schema.org","@graph":[{"@type":"WebPage","@id":"https:\/\/rmfsoccercampscanada.com\/legal-notice\/","url":"https:\/\/rmfsoccercampscanada.com\/legal-notice\/","name":"Mentions l\u00e9gales - rmfsoccercampscanada.com","isPartOf":{"@id":"https:\/\/rmfsoccercampscanada.com\/#website"},"datePublished":"2023-12-15T11:12:47+00:00","dateModified":"2024-09-24T17:34:14+00:00","breadcrumb":{"@id":"https:\/\/rmfsoccercampscanada.com\/legal-notice\/#breadcrumb"},"inLanguage":"fr-FR","potentialAction":[{"@type":"ReadAction","target":["https:\/\/rmfsoccercampscanada.com\/legal-notice\/"]}]},{"@type":"BreadcrumbList","@id":"https:\/\/rmfsoccercampscanada.com\/legal-notice\/#breadcrumb","itemListElement":[{"@type":"ListItem","position":1,"name":"Home","item":"https:\/\/rmfsoccercampscanada.com\/"},{"@type":"ListItem","position":2,"name":"Mentions l\u00e9gales"}]},{"@type":"WebSite","@id":"https:\/\/rmfsoccercampscanada.com\/#website","url":"https:\/\/rmfsoccercampscanada.com\/","name":"Real Madrid Soccer Camps in Canada | rmfsoccercampscanada.com","description":"Real Madrid Soccer Camps in Canada | rmfsoccercampscanada.com","potentialAction":[{"@type":"SearchAction","target":{"@type":"EntryPoint","urlTemplate":"https:\/\/rmfsoccercampscanada.com\/?s={search_term_string}"},"query-input":{"@type":"PropertyValueSpecification","valueRequired":true,"valueName":"search_term_string"}}],"inLanguage":"fr-FR"}]}},"_links":{"self":[{"href":"https:\/\/rmfsoccercampscanada.com\/fr\/wp-json\/wp\/v2\/pages\/2278","targetHints":{"allow":["GET"]}}],"collection":[{"href":"https:\/\/rmfsoccercampscanada.com\/fr\/wp-json\/wp\/v2\/pages"}],"about":[{"href":"https:\/\/rmfsoccercampscanada.com\/fr\/wp-json\/wp\/v2\/types\/page"}],"author":[{"embeddable":true,"href":"https:\/\/rmfsoccercampscanada.com\/fr\/wp-json\/wp\/v2\/users\/1"}],"replies":[{"embeddable":true,"href":"https:\/\/rmfsoccercampscanada.com\/fr\/wp-json\/wp\/v2\/comments?post=2278"}],"version-history":[{"count":3,"href":"https:\/\/rmfsoccercampscanada.com\/fr\/wp-json\/wp\/v2\/pages\/2278\/revisions"}],"predecessor-version":[{"id":2498,"href":"https:\/\/rmfsoccercampscanada.com\/fr\/wp-json\/wp\/v2\/pages\/2278\/revisions\/2498"}],"wp:attachment":[{"href":"https:\/\/rmfsoccercampscanada.com\/fr\/wp-json\/wp\/v2\/media?parent=2278"}],"curies":[{"name":"wp","href":"https:\/\/api.w.org\/{rel}","templated":true}]}}